{"id":189,"date":"2017-10-17T08:59:27","date_gmt":"2017-10-17T08:59:27","guid":{"rendered":"http:\/\/edvservice-stoll.de\/?page_id=189"},"modified":"2018-05-24T17:09:35","modified_gmt":"2018-05-24T15:09:35","slug":"monitoring-your-system","status":"publish","type":"page","link":"https:\/\/edvservice-stoll.de\/?page_id=189","title":{"rendered":"Monitoring your System"},"content":{"rendered":"<p><img loading=\"lazy\" decoding=\"async\" class=\"wp-image-202 alignleft\" src=\"https:\/\/edvservice-stoll.de\/wp-content\/uploads\/2017\/10\/11-300x203.jpg\" alt=\"\" width=\"264\" height=\"178\" srcset=\"https:\/\/edvservice-stoll.de\/wp-content\/uploads\/2017\/10\/11-300x203.jpg 300w, https:\/\/edvservice-stoll.de\/wp-content\/uploads\/2017\/10\/11.jpg 715w\" sizes=\"auto, (max-width: 264px) 100vw, 264px\" \/><\/p>\n<h4>Wir \u00fcberwachen Ihre Systeme:<\/h4>\n<p>So werden Probleme bei auftreten sofort erkannt und k\u00f6nnen direkt behoben werden. Sobald Probleme am System erkannt werden wie z.B. das erreichen eines bestimmten F\u00fcllstands der Datenpartition, oder der Absturz eines wichtigen Services oder gar der Ausfall eines Servers, werden Sie umgehend in Kenntnis gesetzt. So k\u00f6nnen sofort Ma\u00dfnahmen ergriffen werden um einen Systemausfall vor zu beugen bzw diesen schnellst m\u00f6glich zu beheben.<\/p>\n<p>&nbsp;<\/p>\n<p>&nbsp;<\/p>\n<p><a href=\"https:\/\/edvservice-stoll.de\/?page_id=219\">Hier<\/a> k\u00f6nnen Sie ein Individuelles Angebot anfordern<\/p>\n","protected":false},"excerpt":{"rendered":"<p>Wir \u00fcberwachen Ihre Systeme: So werden Probleme bei auftreten sofort erkannt und k\u00f6nnen direkt behoben werden. Sobald Probleme am System erkannt werden wie z.B. das erreichen eines bestimmten F\u00fcllstands der Datenpartition, oder der Absturz eines wichtigen Services oder gar der Ausfall eines Servers, werden Sie umgehend in Kenntnis gesetzt. So k\u00f6nnen sofort Ma\u00dfnahmen ergriffen werden [&hellip;]<\/p>\n","protected":false},"author":1,"featured_media":0,"parent":0,"menu_order":0,"comment_status":"closed","ping_status":"closed","template":"","meta":{"footnotes":""},"class_list":["post-189","page","type-page","status-publish","czr-hentry"],"_links":{"self":[{"href":"https:\/\/edvservice-stoll.de\/index.php?rest_route=\/wp\/v2\/pages\/189","targetHints":{"allow":["GET"]}}],"collection":[{"href":"https:\/\/edvservice-stoll.de\/index.php?rest_route=\/wp\/v2\/pages"}],"about":[{"href":"https:\/\/edvservice-stoll.de\/index.php?rest_route=\/wp\/v2\/types\/page"}],"author":[{"embeddable":true,"href":"https:\/\/edvservice-stoll.de\/index.php?rest_route=\/wp\/v2\/users\/1"}],"replies":[{"embeddable":true,"href":"https:\/\/edvservice-stoll.de\/index.php?rest_route=%2Fwp%2Fv2%2Fcomments&post=189"}],"version-history":[{"count":16,"href":"https:\/\/edvservice-stoll.de\/index.php?rest_route=\/wp\/v2\/pages\/189\/revisions"}],"predecessor-version":[{"id":255,"href":"https:\/\/edvservice-stoll.de\/index.php?rest_route=\/wp\/v2\/pages\/189\/revisions\/255"}],"wp:attachment":[{"href":"https:\/\/edvservice-stoll.de\/index.php?rest_route=%2Fwp%2Fv2%2Fmedia&parent=189"}],"curies":[{"name":"wp","href":"https:\/\/api.w.org\/{rel}","templated":true}]}}