{"id":7,"date":"2016-09-28T13:43:28","date_gmt":"2016-09-28T13:43:28","guid":{"rendered":"http:\/\/edvservice-stoll.de\/?page_id=7"},"modified":"2017-10-17T12:35:47","modified_gmt":"2017-10-17T10:35:47","slug":"willkommen-bei-edv-service-stoll","status":"publish","type":"page","link":"https:\/\/edvservice-stoll.de\/","title":{"rendered":"Willkommen bei EDV Service Stoll"},"content":{"rendered":"<h1 style=\"text-align: justify;\"><\/h1>\n<div style=\"text-align: justify;\">\n<h3><strong>Wir sind Ihr kompetenter Partner in Sachen IT und Netzwerk.<\/strong><\/h3>\n<p>Wir betreuen Sie mit effektiven IT-L\u00f6sungen, hochwertigen und kosteng\u00fcnstigen Produkten<br \/>\nsowie einem intensiven Service.<\/p>\n<h3><img loading=\"lazy\" decoding=\"async\" class=\"wp-image-92 size-medium alignright\" src=\"http:\/\/edvservice-stoll.de\/wp-content\/uploads\/2016\/09\/network_frei-300x300.png\" width=\"300\" height=\"300\" srcset=\"https:\/\/edvservice-stoll.de\/wp-content\/uploads\/2016\/09\/network_frei-300x300.png 300w, https:\/\/edvservice-stoll.de\/wp-content\/uploads\/2016\/09\/network_frei-150x150.png 150w, https:\/\/edvservice-stoll.de\/wp-content\/uploads\/2016\/09\/network_frei-768x768.png 768w, https:\/\/edvservice-stoll.de\/wp-content\/uploads\/2016\/09\/network_frei-1024x1024.png 1024w, https:\/\/edvservice-stoll.de\/wp-content\/uploads\/2016\/09\/network_frei.png 1920w\" sizes=\"auto, (max-width: 300px) 100vw, 300px\" \/><\/h3>\n<p><b>Zu unserem Repertoire geh\u00f6ren:<\/b><\/p>\n<h1><a href=\"http:\/\/edvservice-stoll.de\/?page_id=189\"><img loading=\"lazy\" decoding=\"async\" class=\"wp-image-213 alignright\" src=\"http:\/\/edvservice-stoll.de\/wp-content\/uploads\/2016\/09\/g3731_1-300x298.png\" alt=\"\" width=\"161\" height=\"160\" srcset=\"https:\/\/edvservice-stoll.de\/wp-content\/uploads\/2016\/09\/g3731_1-300x298.png 300w, https:\/\/edvservice-stoll.de\/wp-content\/uploads\/2016\/09\/g3731_1-150x150.png 150w, https:\/\/edvservice-stoll.de\/wp-content\/uploads\/2016\/09\/g3731_1.png 374w\" sizes=\"auto, (max-width: 161px) 100vw, 161px\" \/><\/a><\/h1>\n<ul>\n<li>Planung, Installation und Wartung von Netzwerken<\/li>\n<li>Planung, Erstellung von Internetauftritten<\/li>\n<li>Installation von Peripherieger\u00e4ten<\/li>\n<li>Verkauf von Hard- und Software<\/li>\n<li>Datensicherung \/ Datenrettung<\/li>\n<li>Vorbeugende Wartung<\/li>\n<li>Internetanbindung<\/li>\n<li>Ger\u00e4tereparatur<\/li>\n<li>Internet Hosting<\/li>\n<\/ul>\n<p>Eine \u00dcbersicht unserer Dienstleistungen finden Sie <a href=\"http:\/\/edvservice-stoll.de\/?page_id=17\">hier<\/a>.<\/p>\n<p>&nbsp;<\/p>\n<p>Unsere Betreuung beginnt mit der fundierten Beratung, \u00fcber die Abwicklung bis hin zum<\/p>\n<p>anschlie\u00dfenden Support.<\/p>\n<p>Kundenzufriedenheit ist das oberste Gebot unseres Unternehmens.<\/p>\n<\/div>\n<p>&nbsp;<\/p>\n<h3 style=\"text-align: center;\"><\/h3>\n<h3 style=\"text-align: center;\"><\/h3>\n<h4 style=\"text-align: center;\">Sie ben\u00f6tigen Hilfe? Klicken Sie einfach auf den Button.<\/h4>\n<p><a href=\"http:\/\/edvservice-stoll.de\/fernwartung\/\"><img loading=\"lazy\" decoding=\"async\" class=\"wp-image-146 aligncenter\" src=\"http:\/\/edvservice-stoll.de\/wp-content\/uploads\/2016\/09\/help-153094-300x252.png\" alt=\"help-153094\" width=\"104\" height=\"87\" srcset=\"https:\/\/edvservice-stoll.de\/wp-content\/uploads\/2016\/09\/help-153094-300x252.png 300w, https:\/\/edvservice-stoll.de\/wp-content\/uploads\/2016\/09\/help-153094-768x644.png 768w, https:\/\/edvservice-stoll.de\/wp-content\/uploads\/2016\/09\/help-153094-1024x859.png 1024w, https:\/\/edvservice-stoll.de\/wp-content\/uploads\/2016\/09\/help-153094.png 1920w\" sizes=\"auto, (max-width: 104px) 100vw, 104px\" \/><\/a><\/p>\n","protected":false},"excerpt":{"rendered":"<p>Wir sind Ihr kompetenter Partner in Sachen IT und Netzwerk. Wir betreuen Sie mit effektiven IT-L\u00f6sungen, hochwertigen und kosteng\u00fcnstigen Produkten sowie einem intensiven Service. Zu unserem Repertoire geh\u00f6ren: Planung, Installation und Wartung von Netzwerken Planung, Erstellung von Internetauftritten Installation von Peripherieger\u00e4ten Verkauf von Hard- und Software Datensicherung \/ Datenrettung Vorbeugende Wartung Internetanbindung Ger\u00e4tereparatur Internet Hosting [&hellip;]<\/p>\n","protected":false},"author":1,"featured_media":0,"parent":0,"menu_order":0,"comment_status":"closed","ping_status":"closed","template":"","meta":{"footnotes":""},"class_list":["post-7","page","type-page","status-publish","czr-hentry"],"_links":{"self":[{"href":"https:\/\/edvservice-stoll.de\/index.php?rest_route=\/wp\/v2\/pages\/7","targetHints":{"allow":["GET"]}}],"collection":[{"href":"https:\/\/edvservice-stoll.de\/index.php?rest_route=\/wp\/v2\/pages"}],"about":[{"href":"https:\/\/edvservice-stoll.de\/index.php?rest_route=\/wp\/v2\/types\/page"}],"author":[{"embeddable":true,"href":"https:\/\/edvservice-stoll.de\/index.php?rest_route=\/wp\/v2\/users\/1"}],"replies":[{"embeddable":true,"href":"https:\/\/edvservice-stoll.de\/index.php?rest_route=%2Fwp%2Fv2%2Fcomments&post=7"}],"version-history":[{"count":30,"href":"https:\/\/edvservice-stoll.de\/index.php?rest_route=\/wp\/v2\/pages\/7\/revisions"}],"predecessor-version":[{"id":232,"href":"https:\/\/edvservice-stoll.de\/index.php?rest_route=\/wp\/v2\/pages\/7\/revisions\/232"}],"wp:attachment":[{"href":"https:\/\/edvservice-stoll.de\/index.php?rest_route=%2Fwp%2Fv2%2Fmedia&parent=7"}],"curies":[{"name":"wp","href":"https:\/\/api.w.org\/{rel}","templated":true}]}}